{"id":1173,"date":"2019-03-01T17:39:50","date_gmt":"2019-03-01T15:39:50","guid":{"rendered":"http:\/\/musikschule-kalimba.de\/?page_id=1173"},"modified":"2019-03-01T17:39:50","modified_gmt":"2019-03-01T15:39:50","slug":"cajon","status":"publish","type":"page","link":"https:\/\/musikschule-kalimba.de\/?page_id=1173","title":{"rendered":"Caj\u00f3n"},"content":{"rendered":"<p><em>Die kleine Kiste mit dem gro\u00dfen Sound<\/em><\/p>\n<p><img decoding=\"async\" loading=\"lazy\" class=\"alignright wp-image-551 size-full\" src=\"http:\/\/musikschule-kalimba.de\/wp-content\/uploads\/2014\/10\/DSCF46702-300x2001.jpg\" alt=\"\" width=\"300\" height=\"200\">Ein Caj\u00f3n (span.) ist eine Holzkiste, auf der man sitzt und vorzugsweise mit den H\u00e4nden trommelt. Entstanden ist dieses Instrument Mitte des 19. Jahrhunderts in Mittelamerika, es gewinnt jedoch in den letzten Jahren auch immer mehr an Popularit\u00e4t in Europa.In unserem Caj\u00f3n-Workshop werden die Instrumente in Teamarbeit selbst gebaut, um anschlie\u00dfend darauf spielen zu k\u00f6nnen.&nbsp;Jeder Teilnehmer darf seine Holztrommel bei der Abreise mit nach Hause nehmen!&nbsp;Unser Caj\u00f3n-Workshop hat folgenden Inhalt:<\/p>\n<ul>\n<li>Bau der Caj\u00f3ns<\/li>\n<li>Erlernen elementarer Spieltechniken<\/li>\n<li>Erlernen einfacher Rhythmen<\/li>\n<li>Zusammenspiel mit anderen Percussioninstrumenten<\/li>\n<\/ul>\n<p>Aus der heterogenen Gruppe entsteht in k\u00fcrzester Zeit ein funktionierendes Team: Durch das gemeinsame Bauen der hochwertigen Musikinstrumente wird neben manuellen Fertigkeiten zus\u00e4tzlich soziale Kompetenz gef\u00f6rdert.<\/p>\n<p>Nach der Fertigstellung der \u201eKompakt-Schlagzeuge\u201c verwandelt sich das \u201eBau-Team\u201c in ein Percussionensemble, in dem sowohl Musikalit\u00e4t, Rhythmusgef\u00fchl und Kreativit\u00e4t, als auch Konzentration, Koordination und Gemeinschaftssinn gef\u00f6rdert werden.<\/p>\n<p>Und:&nbsp;Das gemeinsame Musizieren garantiert jede Menge Spa\u00df!<\/p>\n","protected":false},"excerpt":{"rendered":"<p>Die kleine Kiste mit dem gro\u00dfen Sound Ein Caj\u00f3n (span.) ist eine Holzkiste, auf der man sitzt und vorzugsweise mit den H\u00e4nden trommelt. Entstanden ist dieses Instrument Mitte des 19. Jahrhunderts in Mittelamerika, es gewinnt jedoch in den letzten Jahren<\/p>\n","protected":false},"author":1,"featured_media":0,"parent":0,"menu_order":0,"comment_status":"closed","ping_status":"closed","template":"","meta":{"ngg_post_thumbnail":0,"jetpack_post_was_ever_published":false},"jetpack_sharing_enabled":true,"jetpack_shortlink":"https:\/\/wp.me\/PaKFOT-iV","_links":{"self":[{"href":"https:\/\/musikschule-kalimba.de\/index.php?rest_route=\/wp\/v2\/pages\/1173"}],"collection":[{"href":"https:\/\/musikschule-kalimba.de\/index.php?rest_route=\/wp\/v2\/pages"}],"about":[{"href":"https:\/\/musikschule-kalimba.de\/index.php?rest_route=\/wp\/v2\/types\/page"}],"author":[{"embeddable":true,"href":"https:\/\/musikschule-kalimba.de\/index.php?rest_route=\/wp\/v2\/users\/1"}],"replies":[{"embeddable":true,"href":"https:\/\/musikschule-kalimba.de\/index.php?rest_route=%2Fwp%2Fv2%2Fcomments&post=1173"}],"version-history":[{"count":1,"href":"https:\/\/musikschule-kalimba.de\/index.php?rest_route=\/wp\/v2\/pages\/1173\/revisions"}],"predecessor-version":[{"id":1174,"href":"https:\/\/musikschule-kalimba.de\/index.php?rest_route=\/wp\/v2\/pages\/1173\/revisions\/1174"}],"wp:attachment":[{"href":"https:\/\/musikschule-kalimba.de\/index.php?rest_route=%2Fwp%2Fv2%2Fmedia&parent=1173"}],"curies":[{"name":"wp","href":"https:\/\/api.w.org\/{rel}","templated":true}]}}