{"id":13,"date":"2014-10-06T12:50:22","date_gmt":"2014-10-06T10:50:22","guid":{"rendered":"http:\/\/florianhermanns.de\/kalimba\/?page_id=13"},"modified":"2019-03-01T17:40:36","modified_gmt":"2019-03-01T15:40:36","slug":"jfjhg","status":"publish","type":"page","link":"https:\/\/musikschule-kalimba.de\/?page_id=13","title":{"rendered":"Schlagzeug"},"content":{"rendered":"<p style=\"text-align: left;\">Schlagzeug und Percussion bilden die Basis f\u00fcr jede Band und jedes Orchester. Sind sie begeistert von rhythmischer Vielfalt und deren Umsetzung am Instrument, so bieten wir unseren praxisorientierten Schlagzeugunterricht an. Der Sch\u00fcler erh\u00e4lt Einblick in verschiedene Stilrichtungen von Rock-Pop \u00fcber Jazz und Latin bis Klassik, wobei nach einer fundierten Grundausbildung auf die von ihm bevorzugten Gebiete verst\u00e4rkt eingegangen wird. Daneben lernt er eine gro\u00dfe Auswahl an Schlaginstrumenten und deren Spieltechniken kennen.<\/p>\n<p style=\"text-align: left;\"><img decoding=\"async\" loading=\"lazy\" class=\"wp-image-549 size-full alignright\" src=\"http:\/\/musikschule-kalimba.de\/wp-content\/uploads\/2014\/10\/drums1.png\" alt=\"\" width=\"800\" height=\"214\" srcset=\"https:\/\/musikschule-kalimba.de\/wp-content\/uploads\/2014\/10\/drums1.png 800w, https:\/\/musikschule-kalimba.de\/wp-content\/uploads\/2014\/10\/drums1-300x80.png 300w\" sizes=\"(max-width: 800px) 100vw, 800px\" \/><\/p>\n<h5>Pauken &amp; Stabspiele<\/h5>\n<p>Zur Gattung der Schlaginstrumente geh\u00f6ren neben kleiner Trommel, Drum Set und Percussion auch Pauken und Malletinstrumente.<br \/>\nInnerhalb unseres Schlagzeugunterrichts lernt der Sch\u00fcler elementare Spieltechniken an Pedalpauken, Xylophon und Glockenspiel. Nach Wunsch des Sch\u00fclers erfolgt unterdessen eine weitreichende Ausbildung an diesen Instrumenten.<\/p>\n<h5><img decoding=\"async\" loading=\"lazy\" class=\"wp-image-550 size-full alignright\" src=\"http:\/\/musikschule-kalimba.de\/wp-content\/uploads\/2014\/10\/perc1.png\" alt=\"\" width=\"800\" height=\"256\" srcset=\"https:\/\/musikschule-kalimba.de\/wp-content\/uploads\/2014\/10\/perc1.png 800w, https:\/\/musikschule-kalimba.de\/wp-content\/uploads\/2014\/10\/perc1-300x96.png 300w\" sizes=\"(max-width: 800px) 100vw, 800px\" \/><span style=\"font-size: 1.1em;\">Percussion<\/span><\/h5>\n<p style=\"text-align: left;\" align=\"center\">Auf der ganzen Welt verbreitet und gleichzeitig eine der \u00e4ltesten M\u00f6glichkeiten Musik zu machen, ist das Spielen auf Schlaginstrumenten.\u00a0Wir bieten einmal w\u00f6chentlich Trommelkurse f\u00fcr Erwachsene und Trommelkurse f\u00fcr Jugendliche.<br \/>\nNeben dem Erlernen lateinamerikanischer und afrikanischer Rhythmen auf der Conga entdecken die Teilnehmer die gro\u00dfe Familie der Percussioninstrumente. Die Rhythmik wird durch Koordinations\u00fcbungen gefestigt, das Spielen in der Gruppe f\u00f6rdert den Spa\u00df am Musizieren.\u00a0Nat\u00fcrlich ist auch ein intensiver Einzelunterricht m\u00f6glich.<\/p>\n<p style=\"text-align: left;\">F\u00fcr die Durchf\u00fchrung eines effektiven Unterrichts stehen neben mehreren\u00a0Drum-Sets, vier\u00a0Pedalpauken\u00a0und verschiedenen\u00a0Stabspielen\u00a0zahlreiche\u00a0Percussioninstrumente sowie eine HiFi-Anlage zur Verf\u00fcgung.<\/p>\n","protected":false},"excerpt":{"rendered":"<p>Schlagzeug und Percussion bilden die Basis f\u00fcr jede Band und jedes Orchester. Sind sie begeistert von rhythmischer Vielfalt und deren Umsetzung am Instrument, so bieten wir unseren praxisorientierten Schlagzeugunterricht an. Der Sch\u00fcler erh\u00e4lt Einblick in verschiedene Stilrichtungen von Rock-Pop \u00fcber<\/p>\n","protected":false},"author":1,"featured_media":168,"parent":0,"menu_order":0,"comment_status":"closed","ping_status":"closed","template":"","meta":{"ngg_post_thumbnail":0,"jetpack_post_was_ever_published":false},"jetpack_sharing_enabled":true,"jetpack_shortlink":"https:\/\/wp.me\/PaKFOT-d","_links":{"self":[{"href":"https:\/\/musikschule-kalimba.de\/index.php?rest_route=\/wp\/v2\/pages\/13"}],"collection":[{"href":"https:\/\/musikschule-kalimba.de\/index.php?rest_route=\/wp\/v2\/pages"}],"about":[{"href":"https:\/\/musikschule-kalimba.de\/index.php?rest_route=\/wp\/v2\/types\/page"}],"author":[{"embeddable":true,"href":"https:\/\/musikschule-kalimba.de\/index.php?rest_route=\/wp\/v2\/users\/1"}],"replies":[{"embeddable":true,"href":"https:\/\/musikschule-kalimba.de\/index.php?rest_route=%2Fwp%2Fv2%2Fcomments&post=13"}],"version-history":[{"count":23,"href":"https:\/\/musikschule-kalimba.de\/index.php?rest_route=\/wp\/v2\/pages\/13\/revisions"}],"predecessor-version":[{"id":1176,"href":"https:\/\/musikschule-kalimba.de\/index.php?rest_route=\/wp\/v2\/pages\/13\/revisions\/1176"}],"wp:featuredmedia":[{"embeddable":true,"href":"https:\/\/musikschule-kalimba.de\/index.php?rest_route=\/wp\/v2\/media\/168"}],"wp:attachment":[{"href":"https:\/\/musikschule-kalimba.de\/index.php?rest_route=%2Fwp%2Fv2%2Fmedia&parent=13"}],"curies":[{"name":"wp","href":"https:\/\/api.w.org\/{rel}","templated":true}]}}