{"id":140,"date":"2014-10-07T12:10:26","date_gmt":"2014-10-07T10:10:26","guid":{"rendered":"http:\/\/florianhermanns.de\/kalimba\/?page_id=140"},"modified":"2019-03-01T17:33:52","modified_gmt":"2019-03-01T15:33:52","slug":"nadja-luxcohnen","status":"publish","type":"page","link":"https:\/\/musikschule-kalimba.de\/?page_id=140","title":{"rendered":"Nadja Lux-Kohnen"},"content":{"rendered":"<p><em>Musikalische Fr\u00fcherziehung &amp; Grundkurs<\/em><\/p>\n<p>Nadja Lux-Kohnen ist gelernte Erzieherin mit 15 Jahren Berufserfahrung. Sie belegte verschiedene Fortbildungen im Bereich \u201eElementare Musikerziehung\u201c und war im Rahmen des Landesprogramms f\u00fcr \u201eSprachf\u00f6rderung und Ma\u00dfnahmen des \u00dcbergangs zur Grundschule\u201c t\u00e4tig.\u00a0Als Kind erhielt sie eine dreij\u00e4hrige Ausbildung im Fach Klarinette und spielte einige Jahre in einer Musikkapelle.<br \/>\nSeit 1999 nimmt sie Gesangsunterricht bei Petra Theis und arbeitet seit 2002 als Fr\u00fcherziehungskraft bei der Musikschule KALIMBA.<\/p>\n<p><img decoding=\"async\" loading=\"lazy\" class=\"wp-image-543 size-full alignright\" src=\"http:\/\/musikschule-kalimba.de\/wp-content\/uploads\/2014\/10\/nadja11.png\" alt=\"\" width=\"800\" height=\"533\" srcset=\"https:\/\/musikschule-kalimba.de\/wp-content\/uploads\/2014\/10\/nadja11.png 800w, https:\/\/musikschule-kalimba.de\/wp-content\/uploads\/2014\/10\/nadja11-300x199.png 300w\" sizes=\"(max-width: 800px) 100vw, 800px\" \/><\/p>\n<p>Nadja Lux-Kohnen war Finalteilnehmerin des Gesangswettbewerbs \u201eStimme der Region\u201c und ist seit 1997 S\u00e4ngerin und Frontfrau in verschiedenen Rock-Cover-Bands. Ferner ist sie f\u00fcr die musikalische Gestaltung von Trauungen zust\u00e4ndig und hat als Gesangssolistin in mehreren Musicals mitgewirkt.<\/p>\n","protected":false},"excerpt":{"rendered":"<p>Musikalische Fr\u00fcherziehung &amp; Grundkurs Nadja Lux-Kohnen ist gelernte Erzieherin mit 15 Jahren Berufserfahrung. Sie belegte verschiedene Fortbildungen im Bereich \u201eElementare Musikerziehung\u201c und war im Rahmen des Landesprogramms f\u00fcr \u201eSprachf\u00f6rderung und Ma\u00dfnahmen des \u00dcbergangs zur Grundschule\u201c t\u00e4tig.\u00a0Als Kind erhielt sie eine<\/p>\n","protected":false},"author":1,"featured_media":168,"parent":0,"menu_order":0,"comment_status":"closed","ping_status":"closed","template":"","meta":{"ngg_post_thumbnail":0,"jetpack_post_was_ever_published":false},"jetpack_sharing_enabled":true,"jetpack_shortlink":"https:\/\/wp.me\/PaKFOT-2g","_links":{"self":[{"href":"https:\/\/musikschule-kalimba.de\/index.php?rest_route=\/wp\/v2\/pages\/140"}],"collection":[{"href":"https:\/\/musikschule-kalimba.de\/index.php?rest_route=\/wp\/v2\/pages"}],"about":[{"href":"https:\/\/musikschule-kalimba.de\/index.php?rest_route=\/wp\/v2\/types\/page"}],"author":[{"embeddable":true,"href":"https:\/\/musikschule-kalimba.de\/index.php?rest_route=\/wp\/v2\/users\/1"}],"replies":[{"embeddable":true,"href":"https:\/\/musikschule-kalimba.de\/index.php?rest_route=%2Fwp%2Fv2%2Fcomments&post=140"}],"version-history":[{"count":5,"href":"https:\/\/musikschule-kalimba.de\/index.php?rest_route=\/wp\/v2\/pages\/140\/revisions"}],"predecessor-version":[{"id":1169,"href":"https:\/\/musikschule-kalimba.de\/index.php?rest_route=\/wp\/v2\/pages\/140\/revisions\/1169"}],"wp:featuredmedia":[{"embeddable":true,"href":"https:\/\/musikschule-kalimba.de\/index.php?rest_route=\/wp\/v2\/media\/168"}],"wp:attachment":[{"href":"https:\/\/musikschule-kalimba.de\/index.php?rest_route=%2Fwp%2Fv2%2Fmedia&parent=140"}],"curies":[{"name":"wp","href":"https:\/\/api.w.org\/{rel}","templated":true}]}}