{"id":144,"date":"2014-10-07T12:10:56","date_gmt":"2014-10-07T10:10:56","guid":{"rendered":"http:\/\/florianhermanns.de\/kalimba\/?page_id=144"},"modified":"2019-03-01T17:50:33","modified_gmt":"2019-03-01T15:50:33","slug":"kalimba-teens","status":"publish","type":"page","link":"https:\/\/musikschule-kalimba.de\/?page_id=144","title":{"rendered":"Kids &#038; Teens"},"content":{"rendered":"<div>&#8222;Kalimba Kids &amp; Teens&#8220; hei\u00dft der Kinder- und Jugendchor der Musikschule Kalimba.<\/div>\n<p><span class=\"Apple-style-span\">Das 24-k\u00f6pfige Ensemble hat ein breit gef\u00e4chertes Repertoire und mausert sich immer mehr zur &#8222;Musicalcompany&#8220;, denn neben der Musik stehen Bewegung und Tanz im Vordergrund. Momentan proben die jungen Leute bereits f\u00fcr ihre dritte Musicalauff\u00fchrung, die dem Publikum im Februar 2015 pr\u00e4sentiert wird.<\/span><\/p>\n<p>Leitung: <a title=\"Petra Theis\" href=\"http:\/\/musikschule-kalimba.de\/?page_id=87\">Petra Theis<\/a><\/p>\n","protected":false},"excerpt":{"rendered":"<p>&#8222;Kalimba Kids &amp; Teens&#8220; hei\u00dft der Kinder- und Jugendchor der Musikschule Kalimba. Das 24-k\u00f6pfige Ensemble hat ein breit gef\u00e4chertes Repertoire und mausert sich immer mehr zur &#8222;Musicalcompany&#8220;, denn neben der Musik stehen Bewegung und Tanz im Vordergrund. Momentan proben die<\/p>\n","protected":false},"author":1,"featured_media":168,"parent":0,"menu_order":0,"comment_status":"closed","ping_status":"closed","template":"","meta":{"ngg_post_thumbnail":0,"jetpack_post_was_ever_published":false},"jetpack_sharing_enabled":true,"jetpack_shortlink":"https:\/\/wp.me\/PaKFOT-2k","_links":{"self":[{"href":"https:\/\/musikschule-kalimba.de\/index.php?rest_route=\/wp\/v2\/pages\/144"}],"collection":[{"href":"https:\/\/musikschule-kalimba.de\/index.php?rest_route=\/wp\/v2\/pages"}],"about":[{"href":"https:\/\/musikschule-kalimba.de\/index.php?rest_route=\/wp\/v2\/types\/page"}],"author":[{"embeddable":true,"href":"https:\/\/musikschule-kalimba.de\/index.php?rest_route=\/wp\/v2\/users\/1"}],"replies":[{"embeddable":true,"href":"https:\/\/musikschule-kalimba.de\/index.php?rest_route=%2Fwp%2Fv2%2Fcomments&post=144"}],"version-history":[{"count":9,"href":"https:\/\/musikschule-kalimba.de\/index.php?rest_route=\/wp\/v2\/pages\/144\/revisions"}],"predecessor-version":[{"id":478,"href":"https:\/\/musikschule-kalimba.de\/index.php?rest_route=\/wp\/v2\/pages\/144\/revisions\/478"}],"wp:featuredmedia":[{"embeddable":true,"href":"https:\/\/musikschule-kalimba.de\/index.php?rest_route=\/wp\/v2\/media\/168"}],"wp:attachment":[{"href":"https:\/\/musikschule-kalimba.de\/index.php?rest_route=%2Fwp%2Fv2%2Fmedia&parent=144"}],"curies":[{"name":"wp","href":"https:\/\/api.w.org\/{rel}","templated":true}]}}