{"id":153,"date":"2014-10-07T12:13:32","date_gmt":"2014-10-07T10:13:32","guid":{"rendered":"http:\/\/florianhermanns.de\/kalimba\/?page_id=153"},"modified":"2019-03-01T17:48:51","modified_gmt":"2019-03-01T15:48:51","slug":"rhythmische-fortbildungen","status":"publish","type":"page","link":"https:\/\/musikschule-kalimba.de\/?page_id=153","title":{"rendered":"Fortbildungen"},"content":{"rendered":"<p>Wir bieten Fortbildungen mit den Themen:<\/p>\n<ul>\n<li><strong>Vorbereitung auf das Musikstudium\/Training f\u00fcr die Aufnahmepr\u00fcfung<\/strong>: Geh\u00f6rbildung, Theorie, Harmonie- und Formenlehre, und alles was dazugeh\u00f6rt.<\/li>\n<li><strong>Stimmbildung f\u00fcr ErzieherInnen und sprechende Berufe: <\/strong><br \/>\nAufbau und St\u00e4rkung der Stimme, um den Anforderungen im Berufsalltag standhalten zu k\u00f6nnen. Ziel ist der \u00f6konomische Gebrauch der Stimme, \u00dcbungen und Training gegen schnelle Erm\u00fcdung der Stimme oder Heiserkeit. Ziel ist es, die eigene Stimme in allen Facetten kennen zu lernen, weiter zu entwickeln und mit Hilfe gezielter Stimmtechniken ohne Probleme im Beruf und Alltag einsetzen zu k\u00f6nnen.<\/li>\n<li><strong>Stimmbildung f\u00fcr Ch\u00f6re: <\/strong><br \/>\n\u00dcbungsprogramme speziell auf den jeweiligen Chor und dessen Repertoire und Anforderungen zugeschnitten (z. B. am Probewochenende). Stimm\u00fcbungen mit viel K\u00f6rpereinsatz und Spa\u00df zur F\u00f6rderung eines harmonischen Chorklanges.<\/li>\n<li>\n<div><b>Rhythmikorientierte Fortbildungen f\u00fcr Bands, Musikkapellen, Ch\u00f6re und andere Formationen:<\/b><\/div>\n<div>Neben Melodie und Harmonie spielt gerade in moderner Musik der Rhythmus eine wichtige Rolle.\u00a0Wir bieten groove-orientierte Fortbildungen f\u00fcr Musikensembles, in denen der Fokus z. B. auf die Themen Beat\/Offbeat,\u00a0Koordination von H\u00e4nden, F\u00fc\u00dfen und Stimme oder die Umsetzung von Rhythmen auf Trommeln und Kleinpercussion gerichtet ist.<\/div>\n<\/li>\n<\/ul>\n","protected":false},"excerpt":{"rendered":"<p>Wir bieten Fortbildungen mit den Themen: Vorbereitung auf das Musikstudium\/Training f\u00fcr die Aufnahmepr\u00fcfung: Geh\u00f6rbildung, Theorie, Harmonie- und Formenlehre, und alles was dazugeh\u00f6rt. Stimmbildung f\u00fcr ErzieherInnen und sprechende Berufe: Aufbau und St\u00e4rkung der Stimme, um den Anforderungen im Berufsalltag standhalten zu<\/p>\n","protected":false},"author":1,"featured_media":168,"parent":0,"menu_order":0,"comment_status":"closed","ping_status":"closed","template":"","meta":{"ngg_post_thumbnail":0,"jetpack_post_was_ever_published":false},"jetpack_sharing_enabled":true,"jetpack_shortlink":"https:\/\/wp.me\/PaKFOT-2t","_links":{"self":[{"href":"https:\/\/musikschule-kalimba.de\/index.php?rest_route=\/wp\/v2\/pages\/153"}],"collection":[{"href":"https:\/\/musikschule-kalimba.de\/index.php?rest_route=\/wp\/v2\/pages"}],"about":[{"href":"https:\/\/musikschule-kalimba.de\/index.php?rest_route=\/wp\/v2\/types\/page"}],"author":[{"embeddable":true,"href":"https:\/\/musikschule-kalimba.de\/index.php?rest_route=\/wp\/v2\/users\/1"}],"replies":[{"embeddable":true,"href":"https:\/\/musikschule-kalimba.de\/index.php?rest_route=%2Fwp%2Fv2%2Fcomments&post=153"}],"version-history":[{"count":7,"href":"https:\/\/musikschule-kalimba.de\/index.php?rest_route=\/wp\/v2\/pages\/153\/revisions"}],"predecessor-version":[{"id":1184,"href":"https:\/\/musikschule-kalimba.de\/index.php?rest_route=\/wp\/v2\/pages\/153\/revisions\/1184"}],"wp:featuredmedia":[{"embeddable":true,"href":"https:\/\/musikschule-kalimba.de\/index.php?rest_route=\/wp\/v2\/media\/168"}],"wp:attachment":[{"href":"https:\/\/musikschule-kalimba.de\/index.php?rest_route=%2Fwp%2Fv2%2Fmedia&parent=153"}],"curies":[{"name":"wp","href":"https:\/\/api.w.org\/{rel}","templated":true}]}}