{"id":2,"date":"2014-10-06T10:36:35","date_gmt":"2014-10-06T10:36:35","guid":{"rendered":"http:\/\/florianhermanns.de\/kalimba\/?page_id=2"},"modified":"2019-03-01T17:50:05","modified_gmt":"2019-03-01T15:50:05","slug":"beispiel-seite","status":"publish","type":"page","link":"https:\/\/musikschule-kalimba.de\/?page_id=2","title":{"rendered":"Kalimba Singers"},"content":{"rendered":"<p style=\"text-align: left;\">Seit 1995 singt und swingt der gemischte Chor der Musikschule Kalimba in Pr\u00fcm.<\/p>\n<p style=\"text-align: left;\">Das mittlerweile \u00fcber 100 St\u00fccke umfassende Repertoire der 24-k\u00f6pfigen Formation besteht im Schwerpunkt aus moderner, swingender Chormusik aus dem geistlichen und weltlichen Bereich: Gospels\/Spirituals, Swing-, Pop-, Latinsongs, Schlager, Arrangements aus dem Musicalbereich, sowie afrikanische Chorliteratur.<br \/>\nDie Auswahl der St\u00fccke beinhaltet sowohl A-capella-Werke als auch Chorwerke mit Bandbegleitung; zu Geh\u00f6r gebracht werden sowohl harmonisch ruhige Kl\u00e4nge als auch sehr rhythmisch orientierte Ges\u00e4nge. Solistische Einlagen kommen aus der Reihe der Chormitglieder. Vereint werden auch Musik und Bewegung mit choreographischen und szenischen Elementen.<\/p>\n<p style=\"text-align: left;\"><img decoding=\"async\" loading=\"lazy\" class=\"wp-image-539 size-full alignright\" src=\"http:\/\/musikschule-kalimba.de\/wp-content\/uploads\/2014\/10\/chor1.png\" alt=\"\" width=\"800\" height=\"402\" srcset=\"https:\/\/musikschule-kalimba.de\/wp-content\/uploads\/2014\/10\/chor1.png 800w, https:\/\/musikschule-kalimba.de\/wp-content\/uploads\/2014\/10\/chor1-300x150.png 300w\" sizes=\"(max-width: 800px) 100vw, 800px\" \/><\/p>\n<p style=\"text-align: left;\">Neben Konzerten mit stilistisch gemischtem Programm pr\u00e4sentierten die Kalimba Singers in den letzten Jahren Auff\u00fchrungen wie &#8222;Das 70er-Jahre Konzert&#8220; und &#8222;Swingende Weihnachtsmusik&#8220;, &#8222;Collage&#8220;, &#8222;R\u00fcckblick&#8220; , sowie &#8222;Kalimba f\u00fcr Afrika&#8220;.<\/p>\n<p style=\"text-align: left;\">Im Jahr 2009 wirkte der Chor bei der Welturauff\u00fchrung des Musicals &#8222;Mai 1849 &#8211; der Pr\u00fcmer Zeughaussturm&#8220; (Komponist: Christopher Meux) mit.<br \/>\nIn den letzten Jahren stand &#8222;Das Beste aus Film und Musical&#8220; auf dem Programm und das aktuelle Thema ist &#8222;Legenden aus Rock, Pop, Latin u. v. m&#8220;.<\/p>\n<p style=\"text-align: left;\">Das bewusst in kleiner Gr\u00f6\u00dfe gehaltene Vokalensemble m\u00f6chte dem Publikum Gesang, Rhythmus, Bewegung, Individualit\u00e4t, Kreativit\u00e4t und vor allem Spa\u00df und Freude am gemeinsamen Musizieren vermitteln.<\/p>\n<p style=\"text-align: left;\">Aktuell begleitet wird der Chor von:<\/p>\n<ul>\n<li style=\"list-style-type: none;\">\n<ul>\n<li style=\"text-align: left;\">Dieter Th\u00f6mmes, Klavier: Jahrgang 1973, Lehramtstudium in Saarbr\u00fccken: Schulmusik mit Hauptfach Klavier und Biologie, Examen 1998\/99. Lehrt\u00e4tigkeit am Geschwister-Scholl-Gymnasium Lebach; Leitung eines Schulchors. Seit vielen Jahren t\u00e4tig als Pianist, Begleiter von Ch\u00f6ren und Gesangssolisten.<\/li>\n<\/ul>\n<\/li>\n<\/ul>\n<ul>\n<li style=\"list-style-type: none;\">\n<ul>\n<li style=\"text-align: left;\">Christian Hesels, Gitarre: Jahrgang 1993, seit sechs\u00a0Jahren aktiver Gitarrist in verschiedenen Formationen und Bands.<\/li>\n<\/ul>\n<\/li>\n<\/ul>\n<ul>\n<li style=\"text-align: left;\">Tobias Maus, Schlagzeug: Jahrgang 1996, acht Jahre Schlagzeugunterricht bei Reiner Klein, Schlagzeuger im Musikverein Stadtkyll sowie Mitwirkung in verschiedenen Formationen (u. a. Kalimba Drum Line).<\/li>\n<\/ul>\n<p style=\"text-align: left;\">Einstudierung und Leitung der KALIMBA SINGERS:\u00a0<a title=\"Petra Theis\" href=\"http:\/\/musikschule-kalimba.de\/?page_id=87\">Petra Theis<\/a><\/p>\n","protected":false},"excerpt":{"rendered":"<p>Seit 1995 singt und swingt der gemischte Chor der Musikschule Kalimba in Pr\u00fcm. Das mittlerweile \u00fcber 100 St\u00fccke umfassende Repertoire der 24-k\u00f6pfigen Formation besteht im Schwerpunkt aus moderner, swingender Chormusik aus dem geistlichen und weltlichen Bereich: Gospels\/Spirituals, Swing-, Pop-, Latinsongs,<\/p>\n","protected":false},"author":1,"featured_media":168,"parent":0,"menu_order":0,"comment_status":"closed","ping_status":"closed","template":"","meta":{"ngg_post_thumbnail":0,"jetpack_post_was_ever_published":false},"jetpack_sharing_enabled":true,"jetpack_shortlink":"https:\/\/wp.me\/PaKFOT-2","_links":{"self":[{"href":"https:\/\/musikschule-kalimba.de\/index.php?rest_route=\/wp\/v2\/pages\/2"}],"collection":[{"href":"https:\/\/musikschule-kalimba.de\/index.php?rest_route=\/wp\/v2\/pages"}],"about":[{"href":"https:\/\/musikschule-kalimba.de\/index.php?rest_route=\/wp\/v2\/types\/page"}],"author":[{"embeddable":true,"href":"https:\/\/musikschule-kalimba.de\/index.php?rest_route=\/wp\/v2\/users\/1"}],"replies":[{"embeddable":true,"href":"https:\/\/musikschule-kalimba.de\/index.php?rest_route=%2Fwp%2Fv2%2Fcomments&post=2"}],"version-history":[{"count":9,"href":"https:\/\/musikschule-kalimba.de\/index.php?rest_route=\/wp\/v2\/pages\/2\/revisions"}],"predecessor-version":[{"id":1186,"href":"https:\/\/musikschule-kalimba.de\/index.php?rest_route=\/wp\/v2\/pages\/2\/revisions\/1186"}],"wp:featuredmedia":[{"embeddable":true,"href":"https:\/\/musikschule-kalimba.de\/index.php?rest_route=\/wp\/v2\/media\/168"}],"wp:attachment":[{"href":"https:\/\/musikschule-kalimba.de\/index.php?rest_route=%2Fwp%2Fv2%2Fmedia&parent=2"}],"curies":[{"name":"wp","href":"https:\/\/api.w.org\/{rel}","templated":true}]}}