{"id":22,"date":"2014-10-06T13:00:10","date_gmt":"2014-10-06T11:00:10","guid":{"rendered":"http:\/\/florianhermanns.de\/kalimba\/?page_id=22"},"modified":"2019-03-26T16:14:16","modified_gmt":"2019-03-26T14:14:16","slug":"rhythmik","status":"publish","type":"page","link":"https:\/\/musikschule-kalimba.de\/?page_id=22","title":{"rendered":"Klavier"},"content":{"rendered":"<p style=\"text-align: left;\" align=\"center\">Wenn Sie mit \u201cKlavierunterricht\u201d das stundenlange \u00dcben von Tonleitern und Et\u00fcden verbinden, vergessen Sie diese Vorstellung ganz schnell!\u00a0F\u00fcr uns bedeutet Klavierunterricht etwas ganz anderes: Das Klavier ist ein vielseitiges Instrument, auf dem alle Stilrichtungen von Klassik \u00fcber Jazz bis Rock und Pop erklingen k\u00f6nnen.<\/p>\n<p style=\"text-align: left;\" align=\"center\"><img decoding=\"async\" loading=\"lazy\" class=\"aligncenter size-large wp-image-1210\" src=\"http:\/\/musikschule-kalimba.de\/wp-content\/uploads\/2019\/03\/PHOTO-2019-03-25-21-47-12-1024x1017.jpg\" alt=\"\" width=\"750\" height=\"745\" srcset=\"https:\/\/musikschule-kalimba.de\/wp-content\/uploads\/2019\/03\/PHOTO-2019-03-25-21-47-12.jpg 1024w, https:\/\/musikschule-kalimba.de\/wp-content\/uploads\/2019\/03\/PHOTO-2019-03-25-21-47-12-150x150.jpg 150w, https:\/\/musikschule-kalimba.de\/wp-content\/uploads\/2019\/03\/PHOTO-2019-03-25-21-47-12-300x298.jpg 300w, https:\/\/musikschule-kalimba.de\/wp-content\/uploads\/2019\/03\/PHOTO-2019-03-25-21-47-12-768x763.jpg 768w\" sizes=\"(max-width: 750px) 100vw, 750px\" \/><\/p>\n<p style=\"text-align: left;\" align=\"center\">Der musikalische Wunsch des Lernenden steht im Vordergrund. Nach der Vermittlung elementarer Kenntnisse kann man auf dieser Basis seinen individuellen Weg einschlagen.<\/p>\n<p style=\"text-align: left;\" align=\"center\">Der Einstieg bietet sich f\u00fcr jedes Alter an; wir geben Kindern ab dem 4. Lebensjahr die M\u00f6glichkeit durch lebendigen Unterricht und einen spielerischen Umgang mit dem Klavier, dieses Instrument fr\u00fch zu erlernen. Doch nach oben und unten sind keine Altersgrenzen gesetzt.<\/p>\n","protected":false},"excerpt":{"rendered":"<p>Wenn Sie mit \u201cKlavierunterricht\u201d das stundenlange \u00dcben von Tonleitern und Et\u00fcden verbinden, vergessen Sie diese Vorstellung ganz schnell!\u00a0F\u00fcr uns bedeutet Klavierunterricht etwas ganz anderes: Das Klavier ist ein vielseitiges Instrument, auf dem alle Stilrichtungen von Klassik \u00fcber Jazz bis Rock<\/p>\n","protected":false},"author":1,"featured_media":168,"parent":0,"menu_order":0,"comment_status":"closed","ping_status":"closed","template":"","meta":{"ngg_post_thumbnail":0,"jetpack_post_was_ever_published":false},"jetpack_sharing_enabled":true,"jetpack_shortlink":"https:\/\/wp.me\/PaKFOT-m","_links":{"self":[{"href":"https:\/\/musikschule-kalimba.de\/index.php?rest_route=\/wp\/v2\/pages\/22"}],"collection":[{"href":"https:\/\/musikschule-kalimba.de\/index.php?rest_route=\/wp\/v2\/pages"}],"about":[{"href":"https:\/\/musikschule-kalimba.de\/index.php?rest_route=\/wp\/v2\/types\/page"}],"author":[{"embeddable":true,"href":"https:\/\/musikschule-kalimba.de\/index.php?rest_route=\/wp\/v2\/users\/1"}],"replies":[{"embeddable":true,"href":"https:\/\/musikschule-kalimba.de\/index.php?rest_route=%2Fwp%2Fv2%2Fcomments&post=22"}],"version-history":[{"count":11,"href":"https:\/\/musikschule-kalimba.de\/index.php?rest_route=\/wp\/v2\/pages\/22\/revisions"}],"predecessor-version":[{"id":1211,"href":"https:\/\/musikschule-kalimba.de\/index.php?rest_route=\/wp\/v2\/pages\/22\/revisions\/1211"}],"wp:featuredmedia":[{"embeddable":true,"href":"https:\/\/musikschule-kalimba.de\/index.php?rest_route=\/wp\/v2\/media\/168"}],"wp:attachment":[{"href":"https:\/\/musikschule-kalimba.de\/index.php?rest_route=%2Fwp%2Fv2%2Fmedia&parent=22"}],"curies":[{"name":"wp","href":"https:\/\/api.w.org\/{rel}","templated":true}]}}