{"id":24,"date":"2014-10-06T12:59:32","date_gmt":"2014-10-06T10:59:32","guid":{"rendered":"http:\/\/florianhermanns.de\/kalimba\/?page_id=24"},"modified":"2019-03-01T17:51:17","modified_gmt":"2019-03-01T15:51:17","slug":"drum-circle","status":"publish","type":"page","link":"https:\/\/musikschule-kalimba.de\/?page_id=24","title":{"rendered":"Drum Circle"},"content":{"rendered":"<p style=\"text-align: left;\"><img decoding=\"async\" loading=\"lazy\" class=\"wp-image-479 size-full alignright\" src=\"http:\/\/musikschule-kalimba.de\/wp-content\/uploads\/2014\/10\/DC_No2_kl.jpg\" alt=\"DC_No2_kl\" width=\"800\" height=\"338\" srcset=\"https:\/\/musikschule-kalimba.de\/wp-content\/uploads\/2014\/10\/DC_No2_kl.jpg 800w, https:\/\/musikschule-kalimba.de\/wp-content\/uploads\/2014\/10\/DC_No2_kl-300x126.jpg 300w\" sizes=\"(max-width: 800px) 100vw, 800px\" \/>Unter einem DRUM CIRCLE versteht man ein improvisiertes Schlagzeugkonzert, bei dem es keine Zuh\u00f6rer gibt. Jeder &#8211; unabh\u00e4ngig von seiner musikalischen Vorbildung &#8211; beteiligt sich aktiv.<\/p>\n<p style=\"text-align: left;\">Allein das Anfangsszenario ist beeindruckend: Die Teilnehmer betreten einen Raum, in dem Schlaginstrumente in konzentrischen Kreisen angeordnet sind, \u00a0sei es eine Conga, eine brasilianische Surdo, ein Tambourin oder eine afrikanische Djemb\u00e8. Nach einer kurzen Einweisung beginnen die einzelnen Spieler nach und nach zu trommeln und finden unter der professionellen Anleitung des DRUM CIRCLE FACILITATORS ihren gemeinsamen Rhythmus. Dieser Rhythmus wird im Verlauf der Session durch zahlreiche Instrumentierungen und Orchestrierungen ver\u00e4ndert, solistische Einlagen geben der Gruppe immer neue Impulse.<\/p>\n<p style=\"text-align: left;\">Das so entstandene Percussion-Ensemble f\u00f6rdert:<\/p>\n<ul>\n<li>Kreativit\u00e4t<\/li>\n<li>Kommunikation<\/li>\n<li>Sozialkompetenz<\/li>\n<li>Gemeinschaftssinn<\/li>\n<li>Koordinationsf\u00e4higkeit<\/li>\n<li>Konzentrationsf\u00e4higkeit<\/li>\n<li>Ausgleich zwischen beiden Gehirnh\u00e4lften<\/li>\n<li>Rhythmusgef\u00fchl<\/li>\n<\/ul>\n<p style=\"text-align: left;\">und garantiert jede Menge Spa\u00df beim gemeinsamen Musizieren!<\/p>\n<p style=\"text-align: left;\">Ein DRUM CIRCLE ist ortsungebunden und\u00a0das ideale Gemeinschaftserlebnis f\u00fcr Gruppen aller Art, z. B. als Firmenevent, f\u00fcr Betriebsausfl\u00fcge, f\u00fcr Jugendgruppen usw.<br \/>\nSpezielle DRUM CIRCLES zur intensiven rhythmischen Schulung und praktischen Instrumentenkunde bieten wir an f\u00fcr Schulklassen, Musikvereine, Ch\u00f6re, Tanzformationen u. \u00c4.<\/p>\n<p style=\"text-align: left;\">Tauchen Sie mit unserem DRUM CIRCLE ein in die faszinierende Welt der Rhythmen und Schlaginstrumente!<\/p>\n<p style=\"text-align: left;\">Referenzen: Bosch, M.A.N., Jugendg\u00e4stehaus Pr\u00fcm<\/p>\n","protected":false},"excerpt":{"rendered":"<p>Unter einem DRUM CIRCLE versteht man ein improvisiertes Schlagzeugkonzert, bei dem es keine Zuh\u00f6rer gibt. Jeder &#8211; unabh\u00e4ngig von seiner musikalischen Vorbildung &#8211; beteiligt sich aktiv. Allein das Anfangsszenario ist beeindruckend: Die Teilnehmer betreten einen Raum, in dem Schlaginstrumente in<\/p>\n","protected":false},"author":1,"featured_media":168,"parent":0,"menu_order":0,"comment_status":"closed","ping_status":"closed","template":"","meta":{"ngg_post_thumbnail":0,"jetpack_post_was_ever_published":false},"jetpack_sharing_enabled":true,"jetpack_shortlink":"https:\/\/wp.me\/PaKFOT-o","_links":{"self":[{"href":"https:\/\/musikschule-kalimba.de\/index.php?rest_route=\/wp\/v2\/pages\/24"}],"collection":[{"href":"https:\/\/musikschule-kalimba.de\/index.php?rest_route=\/wp\/v2\/pages"}],"about":[{"href":"https:\/\/musikschule-kalimba.de\/index.php?rest_route=\/wp\/v2\/types\/page"}],"author":[{"embeddable":true,"href":"https:\/\/musikschule-kalimba.de\/index.php?rest_route=\/wp\/v2\/users\/1"}],"replies":[{"embeddable":true,"href":"https:\/\/musikschule-kalimba.de\/index.php?rest_route=%2Fwp%2Fv2%2Fcomments&post=24"}],"version-history":[{"count":10,"href":"https:\/\/musikschule-kalimba.de\/index.php?rest_route=\/wp\/v2\/pages\/24\/revisions"}],"predecessor-version":[{"id":1187,"href":"https:\/\/musikschule-kalimba.de\/index.php?rest_route=\/wp\/v2\/pages\/24\/revisions\/1187"}],"wp:featuredmedia":[{"embeddable":true,"href":"https:\/\/musikschule-kalimba.de\/index.php?rest_route=\/wp\/v2\/media\/168"}],"wp:attachment":[{"href":"https:\/\/musikschule-kalimba.de\/index.php?rest_route=%2Fwp%2Fv2%2Fmedia&parent=24"}],"curies":[{"name":"wp","href":"https:\/\/api.w.org\/{rel}","templated":true}]}}