{"id":28,"date":"2014-10-06T13:00:10","date_gmt":"2014-10-06T11:00:10","guid":{"rendered":"http:\/\/florianhermanns.de\/kalimba\/?page_id=28"},"modified":"2019-03-01T17:47:41","modified_gmt":"2019-03-01T15:47:41","slug":"musikalische-frueherziehung","status":"publish","type":"page","link":"https:\/\/musikschule-kalimba.de\/?page_id=28","title":{"rendered":"Musikalische Fr\u00fcherziehung"},"content":{"rendered":"<p align=\"LEFT\"><i>Singen und Sprechen, Tanzen und Bewegen, elementares Instrumentalspiel (Percussion- und Orffinstrumente), Kl\u00e4nge und Klanggeschichten, Improvisationen, Instrumente kennen lernen, Musikh\u00f6ren (alle Stile), erste Einblicke in die Musiklehre.<\/i><\/p>\n<p align=\"LEFT\">Die musikalische Fr\u00fcherziehung ist besonders geeignet f\u00fcr Kinder zwischen drei und f\u00fcnf Jahren und bedeutet f\u00fcr uns ein ganzheitlicher Ansatz: kein theoretisches Lernen musikalischer Inhalte, sondern ein Lernen und Erfahren durch eigenes Tun:\u00a0MUSIK MACHEN!!!<\/p>\n<p align=\"LEFT\"><img decoding=\"async\" loading=\"lazy\" class=\"wp-image-530 size-full alignright\" src=\"http:\/\/musikschule-kalimba.de\/wp-content\/uploads\/2014\/10\/fr\u00fcherz.png\" alt=\"\" width=\"599\" height=\"336\" srcset=\"https:\/\/musikschule-kalimba.de\/wp-content\/uploads\/2014\/10\/fr\u00fcherz.png 599w, https:\/\/musikschule-kalimba.de\/wp-content\/uploads\/2014\/10\/fr\u00fcherz-300x168.png 300w\" sizes=\"(max-width: 599px) 100vw, 599px\" \/>Im Vordergrund steht ein spielerischer Umgang mit der Musik. Nat\u00fcrliche kindliche Eigenschaften wie Neugier, Spiellust und Fantasie werden durch vielf\u00e4ltige musikalische Themen angesprochen und weiterentwickelt. Durch gemeinsames Musizieren werden Wahrnehmungsf\u00e4higkeit und Sozialkompetenz gef\u00f6rdert.<\/p>\n<p align=\"LEFT\">Kostenlose Infos und Probestunde!<\/p>\n","protected":false},"excerpt":{"rendered":"<p>Singen und Sprechen, Tanzen und Bewegen, elementares Instrumentalspiel (Percussion- und Orffinstrumente), Kl\u00e4nge und Klanggeschichten, Improvisationen, Instrumente kennen lernen, Musikh\u00f6ren (alle Stile), erste Einblicke in die Musiklehre. Die musikalische Fr\u00fcherziehung ist besonders geeignet f\u00fcr Kinder zwischen drei und f\u00fcnf Jahren und<\/p>\n","protected":false},"author":1,"featured_media":168,"parent":0,"menu_order":0,"comment_status":"closed","ping_status":"closed","template":"","meta":{"ngg_post_thumbnail":0,"jetpack_post_was_ever_published":false},"jetpack_sharing_enabled":true,"jetpack_shortlink":"https:\/\/wp.me\/PaKFOT-s","_links":{"self":[{"href":"https:\/\/musikschule-kalimba.de\/index.php?rest_route=\/wp\/v2\/pages\/28"}],"collection":[{"href":"https:\/\/musikschule-kalimba.de\/index.php?rest_route=\/wp\/v2\/pages"}],"about":[{"href":"https:\/\/musikschule-kalimba.de\/index.php?rest_route=\/wp\/v2\/types\/page"}],"author":[{"embeddable":true,"href":"https:\/\/musikschule-kalimba.de\/index.php?rest_route=\/wp\/v2\/users\/1"}],"replies":[{"embeddable":true,"href":"https:\/\/musikschule-kalimba.de\/index.php?rest_route=%2Fwp%2Fv2%2Fcomments&post=28"}],"version-history":[{"count":11,"href":"https:\/\/musikschule-kalimba.de\/index.php?rest_route=\/wp\/v2\/pages\/28\/revisions"}],"predecessor-version":[{"id":1182,"href":"https:\/\/musikschule-kalimba.de\/index.php?rest_route=\/wp\/v2\/pages\/28\/revisions\/1182"}],"wp:featuredmedia":[{"embeddable":true,"href":"https:\/\/musikschule-kalimba.de\/index.php?rest_route=\/wp\/v2\/media\/168"}],"wp:attachment":[{"href":"https:\/\/musikschule-kalimba.de\/index.php?rest_route=%2Fwp%2Fv2%2Fmedia&parent=28"}],"curies":[{"name":"wp","href":"https:\/\/api.w.org\/{rel}","templated":true}]}}