{"id":57,"date":"2014-10-06T13:10:49","date_gmt":"2014-10-06T11:10:49","guid":{"rendered":"http:\/\/florianhermanns.de\/kalimba\/?page_id=57"},"modified":"2019-02-26T13:28:33","modified_gmt":"2019-02-26T11:28:33","slug":"faecher","status":"publish","type":"page","link":"https:\/\/musikschule-kalimba.de\/?page_id=57","title":{"rendered":"Unterricht"},"content":{"rendered":"<p style=\"text-align: left;\" align=\"center\">Die Musikschule&nbsp;Kalimba&nbsp;bietet die M\u00f6glichkeit, in alle Kurse und F\u00e4cher&nbsp;\u201chinein zu schnuppern\u201d.&nbsp;Wir bieten in jedem Fach eine&nbsp;kostenlose Probestunde, die einen Einblick gibt und bei der Wahl der richtigen musikalischen Bet\u00e4tigung hilft. Folgende F\u00e4cher werden an der Musikschule angeboten:<\/p>\n<ul>\n<li style=\"text-align: left;\"><a title=\"Gesang\" href=\"http:\/\/musikschule-kalimba.de\/?page_id=32\">Gesang<\/a><\/li>\n<li style=\"text-align: left;\"><a title=\"Schlagzeug\" href=\"http:\/\/musikschule-kalimba.de\/?page_id=13\">Schlagzeug<\/a><\/li>\n<li style=\"text-align: left;\"><a title=\"Gitarre\" href=\"http:\/\/musikschule-kalimba.de\/?page_id=26\">Gitarre<\/a><\/li>\n<li style=\"text-align: left;\"><a title=\"Klavier\" href=\"http:\/\/musikschule-kalimba.de\/?page_id=22\">Klavier<\/a><\/li>\n<li style=\"text-align: left;\"><a title=\"musik. Spielplatz\" href=\"http:\/\/musikschule-kalimba.de\/?page_id=30\">Musikalischer Spielplatz<\/a><\/li>\n<li style=\"text-align: left;\"><a title=\"Fr\u00fcherziehung\" href=\"http:\/\/musikschule-kalimba.de\/?page_id=28\">Musikalische Fr\u00fcherziehung<\/a><\/li>\n<li style=\"text-align: left;\"><a title=\"musik. Grundkurs\" href=\"http:\/\/musikschule-kalimba.de\/?page_id=208\">Musikalischer Grundkurs<\/a><\/li>\n<li style=\"text-align: left;\"><a title=\"Fortbildungen\" href=\"http:\/\/musikschule-kalimba.de\/?page_id=153\">Fortbildungen<\/a><\/li>\n<\/ul>\n<p style=\"text-align: left;\" align=\"center\">Die Musikschule Kalimba&nbsp;arbeitet f\u00e4cher\u00fcbergreifend. Das bedeutet, dass den Lernenden die M\u00f6glichkeit zum Ensemblespiel gegeben wird, sei es in Form einer Band, als Vokal- oder Percussionensemble oder im Begleiten von Sologesang.<\/p>\n<blockquote>\n<p style=\"text-align: left;\" align=\"center\">Erst gemeinsames Musizieren er\u00f6ffnet die vollen Ausdrucksm\u00f6glichkeiten und die ganze Freude an der Musik! Das k\u00f6nnen Sie bei Auftritten und Konzerten unserer Sch\u00fcler erleben.<\/p>\n<\/blockquote>\n<p style=\"text-align: left;\" align=\"center\">Wenn sie unser Angebot neugierig gemacht hat, stehen wir Ihnen gerne f\u00fcr alle weiteren Fragen zur Verf\u00fcgung und freuen uns auf Ihren Anruf oder Besuch; nat\u00fcrlich k\u00f6nnen Sie uns auch eine&nbsp;<a href=\"mailto:reiner.klein@musikschule-kalimba.de\">E-Mail<\/a>&nbsp;schicken.&nbsp;\u00dcbrigens: f\u00fcr die Besch\u00e4ftigung mit Musik ist es nie zu sp\u00e4t! \u2013 \u00dcberzeugen Sie sich selbst!<\/p>\n<div id=\"Text7LYR\"><\/div>\n","protected":false},"excerpt":{"rendered":"<p>Die Musikschule&nbsp;Kalimba&nbsp;bietet die M\u00f6glichkeit, in alle Kurse und F\u00e4cher&nbsp;\u201chinein zu schnuppern\u201d.&nbsp;Wir bieten in jedem Fach eine&nbsp;kostenlose Probestunde, die einen Einblick gibt und bei der Wahl der richtigen musikalischen Bet\u00e4tigung hilft. Folgende F\u00e4cher werden an der Musikschule angeboten: Gesang Schlagzeug Gitarre<\/p>\n","protected":false},"author":1,"featured_media":168,"parent":0,"menu_order":0,"comment_status":"closed","ping_status":"closed","template":"","meta":{"ngg_post_thumbnail":0,"jetpack_post_was_ever_published":false},"jetpack_sharing_enabled":true,"jetpack_shortlink":"https:\/\/wp.me\/PaKFOT-V","_links":{"self":[{"href":"https:\/\/musikschule-kalimba.de\/index.php?rest_route=\/wp\/v2\/pages\/57"}],"collection":[{"href":"https:\/\/musikschule-kalimba.de\/index.php?rest_route=\/wp\/v2\/pages"}],"about":[{"href":"https:\/\/musikschule-kalimba.de\/index.php?rest_route=\/wp\/v2\/types\/page"}],"author":[{"embeddable":true,"href":"https:\/\/musikschule-kalimba.de\/index.php?rest_route=\/wp\/v2\/users\/1"}],"replies":[{"embeddable":true,"href":"https:\/\/musikschule-kalimba.de\/index.php?rest_route=%2Fwp%2Fv2%2Fcomments&post=57"}],"version-history":[{"count":14,"href":"https:\/\/musikschule-kalimba.de\/index.php?rest_route=\/wp\/v2\/pages\/57\/revisions"}],"predecessor-version":[{"id":1120,"href":"https:\/\/musikschule-kalimba.de\/index.php?rest_route=\/wp\/v2\/pages\/57\/revisions\/1120"}],"wp:featuredmedia":[{"embeddable":true,"href":"https:\/\/musikschule-kalimba.de\/index.php?rest_route=\/wp\/v2\/media\/168"}],"wp:attachment":[{"href":"https:\/\/musikschule-kalimba.de\/index.php?rest_route=%2Fwp%2Fv2%2Fmedia&parent=57"}],"curies":[{"name":"wp","href":"https:\/\/api.w.org\/{rel}","templated":true}]}}