{"id":7,"date":"2014-10-06T12:43:30","date_gmt":"2014-10-06T10:43:30","guid":{"rendered":"http:\/\/florianhermanns.de\/kalimba\/?page_id=7"},"modified":"2019-03-01T17:52:24","modified_gmt":"2019-03-01T15:52:24","slug":"test","status":"publish","type":"page","link":"https:\/\/musikschule-kalimba.de\/?page_id=7","title":{"rendered":"Die Musikschule"},"content":{"rendered":"<p style=\"text-align: left;\" align=\"center\">Das afrikanische Daumenklavier ist Namensgeber der Musikschule, die 1995 von <a title=\"Reiner Klein\" href=\"http:\/\/musikschule-kalimba.de\/?page_id=85\">Reiner Klein<\/a> und <a title=\"Petra Theis\" href=\"http:\/\/musikschule-kalimba.de\/?page_id=87\">Petra Theis<\/a> gegr\u00fcndet wurde, da es&nbsp;zur Gattung der Schlag-instrumente geh\u00f6rt und das Wort Klavier beinhaltet. Da Klavier und Schlagzeug unsere ersten Unterrichtsf\u00e4cher waren und Kalimba einfach ein wohl klingendes Wort ist, w\u00e4hlten wir diesen Namen.<\/p>\n<blockquote>\n<p style=\"text-align: left;\" align=\"center\">Unser erkl\u00e4rtes Ziel war und ist es, die Freude an der Musik zu wecken und zu f\u00f6rdern \u2013 und zwar f\u00fcr jedes Alter.<\/p>\n<\/blockquote>\n<p style=\"text-align: left;\" align=\"center\">Unsere Sch\u00fclerzahl lag zu Beginn bei ca. 50, sie wuchs in den n\u00e4chsten Monaten und Jahren jedoch schnell an.&nbsp;Ende 1995 wurde der Chor <a title=\"Kalimba Singers\" href=\"http:\/\/musikschule-kalimba.de\/?page_id=2\">Kalimba Singers<\/a> gegr\u00fcndet, der moderne Musik und mitrei\u00dfende Rhythmen miteinander vereint.&nbsp;Kurz vor Weihnachten des selben Jahres fand unser erstes Sch\u00fclerkonzert in der Musikschule Kalimba statt, dem in den n\u00e4chsten Jahren viele weitere folgten.&nbsp;Karneval 1996 nahmen wir erstmals mit einer gro\u00dfen Rhythmusgruppe am Pr\u00fcmer Rosenmontagszug teil. Das Motto unserer Samba-Batucada lautete: \u201eKalimba Goes To Rio\u201c.<\/p>\n<p style=\"text-align: left;\" align=\"center\">Beim Stra\u00dfenmusikwettbewerb des \u201ePr\u00fcmer Sommer\u201c 1996 hatten die Kalimba Singers ihren ersten \u00f6ffentlichen Auftritt und gewannen zusammen mit einer Auswahl unserer besten Instrumentalsch\u00fcler prompt den 1. Preis. Seitdem steigt der Bekanntheitsgrad der Kalimba Singers st\u00e4ndig, durch viele Konzerte im In- und benachbarten Ausland.&nbsp;Ebenfalls 1996 gegr\u00fcndet wurde der Kinderchor <a title=\"Kids &amp; Teens\" href=\"http:\/\/florianhermanns.de\/kalimba\/?page_id=144\">Kalimba Kids<\/a>, der inzwischen bei zahlreichen Veranstaltungen f\u00fcr einen spritzigen Rahmen sorgt, und die Jazzband Caravan, die ungef\u00e4hr drei Jahre bestand und sogar einen Fernsehauftritt hatte.<\/p>\n<p style=\"text-align: left;\" align=\"center\">Im Jahr 1997&nbsp;erweiterten wir unser Unterrichtsangebot auf <a title=\"Gesang\" href=\"http:\/\/musikschule-kalimba.de\/?page_id=32\">Sologesang<\/a>, <a title=\"Gitarre\" href=\"http:\/\/musikschule-kalimba.de\/?page_id=26\">Gitarre<\/a> und <a title=\"Fr\u00fcherziehung\" href=\"http:\/\/musikschule-kalimba.de\/?page_id=28\">Musikalische Fr\u00fcherziehung<\/a>. Ebenso&nbsp;fanden an einigen Wochenenden die ersten Rhythmikworkshops in der Musikschule Kalimba &nbsp;statt; wir koordinierten H\u00e4nde und F\u00fc\u00dfe, bis wir nicht mehr wussten, wo uns der Kopf stand.&nbsp;Beim Pr\u00fcmer Stra\u00dfenmusikwettbewerb mischten unsere Gruppen in diesem und den folgenden Jahren auf den vorderen R\u00e4ngen mit.&nbsp;Seit 1998 unterrichtet Reiner Klein das Fach Pauke,&nbsp;1999 kam auch Xylophon dazu.<\/p>\n<p style=\"text-align: left;\" align=\"center\">Im Juni 2000 inszenierten wir das Kindermusical \u201eDer kleine Elefant\u201c mit Kinderchor und Band im Bisch\u00f6fl. Konvikt in Pr\u00fcm. Nach monatelangen Vorbereitungen und Proben hatten wir vier ausverkaufte Auff\u00fchrungen.&nbsp;Im Sommer 2001 fand das erste \u00f6ffentliche Konzert der Schlagzeugklasse im vollbesetzten kath. Pfarrheim statt. Unter Mitwirkung einiger Klavierspieler und Gitarristen wurde es ein \u201eschlagkr\u00e4ftiger\u201c Erfolg.<\/p>\n<p style=\"text-align: left;\" align=\"center\">Wegen der steigenden Unterrichtsnachfrage erweiterten wir das Kalimba-Team im September 2002 durch die Klavierlehrerin Inga Sonnengr\u00fcn.&nbsp;Im Fr\u00fchjahr 2003 hatte die Musikschule Kalimba 130 Sch\u00fcler und Petra Theis gab mit ihrer Gesangsklasse ihr erstes \u00f6ffentliches Konzert im \u201eKleinen Landcaf\u00e8\u201c in Kerpen.<\/p>\n<p style=\"text-align: left;\" align=\"center\">Im Juli 2004 &nbsp;machte unser ehemaliger Sch\u00fcler Philipp Zdebel als erster Kalimba-Sch\u00fcler seine Abschlusspr\u00fcfung an der Hochschule f\u00fcr Musik in Mannheim. Er ist nun Diplom-Musiker mit Hauptfach Jazz und Popularschlagzeug.&nbsp;Philipp hatte vier Jahre Schlagzeugunterricht bei Reiner Klein und ein Jahr Klavierunterricht bei Petra Theis.<\/p>\n<p style=\"text-align: left;\" align=\"center\">Am Sonntag, dem 17.07.2005 feierten wir bei strahlendem Sonnenschein im Rahmen eines Tages der offenen T\u00fcr das 10-j\u00e4hrige Bestehen der Musikschule Kalimba.&nbsp;Nach monatelangen Vorbereitungen wurde unser Jubil\u00e4um durch die engagierte Unterst\u00fctzung s\u00e4mtlicher Sch\u00fcler, Eltern und zahlreicher Helfer zu einem lebendigen Musikspektakel mit mehreren Hundert Besuchern.<\/p>\n","protected":false},"excerpt":{"rendered":"<p>Das afrikanische Daumenklavier ist Namensgeber der Musikschule, die 1995 von Reiner Klein und Petra Theis gegr\u00fcndet wurde, da es&nbsp;zur Gattung der Schlag-instrumente geh\u00f6rt und das Wort Klavier beinhaltet. Da Klavier und Schlagzeug unsere ersten Unterrichtsf\u00e4cher waren und Kalimba einfach ein<\/p>\n","protected":false},"author":1,"featured_media":0,"parent":0,"menu_order":0,"comment_status":"closed","ping_status":"closed","template":"","meta":{"ngg_post_thumbnail":0,"jetpack_post_was_ever_published":false},"jetpack_sharing_enabled":true,"jetpack_shortlink":"https:\/\/wp.me\/PaKFOT-7","_links":{"self":[{"href":"https:\/\/musikschule-kalimba.de\/index.php?rest_route=\/wp\/v2\/pages\/7"}],"collection":[{"href":"https:\/\/musikschule-kalimba.de\/index.php?rest_route=\/wp\/v2\/pages"}],"about":[{"href":"https:\/\/musikschule-kalimba.de\/index.php?rest_route=\/wp\/v2\/types\/page"}],"author":[{"embeddable":true,"href":"https:\/\/musikschule-kalimba.de\/index.php?rest_route=\/wp\/v2\/users\/1"}],"replies":[{"embeddable":true,"href":"https:\/\/musikschule-kalimba.de\/index.php?rest_route=%2Fwp%2Fv2%2Fcomments&post=7"}],"version-history":[{"count":18,"href":"https:\/\/musikschule-kalimba.de\/index.php?rest_route=\/wp\/v2\/pages\/7\/revisions"}],"predecessor-version":[{"id":1115,"href":"https:\/\/musikschule-kalimba.de\/index.php?rest_route=\/wp\/v2\/pages\/7\/revisions\/1115"}],"wp:attachment":[{"href":"https:\/\/musikschule-kalimba.de\/index.php?rest_route=%2Fwp%2Fv2%2Fmedia&parent=7"}],"curies":[{"name":"wp","href":"https:\/\/api.w.org\/{rel}","templated":true}]}}