{"id":737,"date":"2016-06-28T18:09:05","date_gmt":"2016-06-28T16:09:05","guid":{"rendered":"http:\/\/musikschule-kalimba.de\/?page_id=737"},"modified":"2019-03-01T17:34:18","modified_gmt":"2019-03-01T15:34:18","slug":"olivier-schmitt","status":"publish","type":"page","link":"https:\/\/musikschule-kalimba.de\/?page_id=737","title":{"rendered":"Olivier Schmitt"},"content":{"rendered":"<p><em>Geige &amp; Bratsche<\/em><\/p>\n<p>Olivier Schmitt\u00a0wird\u00a01990 in der deutschsprachigen Gemeinschaft von Ostbelgien geboren. Er beginnt die Geigenausbildung im Alter von 6 Jahren bei Frau Yasmina Chauveheid. 2008 schlie\u00dft er mit der gr\u00f6\u00dften Auszeichnung sein Diplom an der Musikschule in Malmedy ab und spielt im Orchester die spanische Symphonie von Lalo als Solist.<\/p>\n<p><img decoding=\"async\" loading=\"lazy\" class=\"size-full wp-image-744 alignright\" src=\"http:\/\/musikschule-kalimba.de\/wp-content\/uploads\/2016\/06\/Unbenannt2.png\" alt=\"Unbenannt2\" width=\"945\" height=\"945\" srcset=\"https:\/\/musikschule-kalimba.de\/wp-content\/uploads\/2016\/06\/Unbenannt2.png 945w, https:\/\/musikschule-kalimba.de\/wp-content\/uploads\/2016\/06\/Unbenannt2-150x150.png 150w, https:\/\/musikschule-kalimba.de\/wp-content\/uploads\/2016\/06\/Unbenannt2-300x300.png 300w\" sizes=\"(max-width: 945px) 100vw, 945px\" \/><\/p>\n<p>2009 beginnt er sein Musikstudium (Geige) am k\u00f6niglichen Konservatorium L\u00fcttich bei Professor Philippe Koch. Dieser Professor bringt ihm die Traditionen der angesehenen L\u00fctticher Geigenschule bei. Gleichzeitig wird er von Professorin Maria Baranowska im Bereich Kammermusik ausgebildet.<\/p>\n<p>Er spielt in vielen Orchestern (Brussels Philharmonic Orchestra, Les Symphonistes Europ\u00e9ens de Lille, Die junge deutsch-franz\u00f6sische Philharmonie in Bayreuth, l\u2019Orchestre des Jeunes de la Grande R\u00e9gion, l\u2019Orchestre du Conservatoire Royal de Li\u00e8ge, usw.) und reist durch Europa (u. a. Deutschland, Frankreich, Ungarn, Italien, Luxemburg, Polen, Tschechien).<\/p>\n<p>Er interessiert sich auch f\u00fcr keltische Musik (Mitbegr\u00fcnder der belgischen Gruppe Brigantia Belgae),\u00a0Rock und Jazz.\u00a0Seit 2015 ist er Geigenlehrer am Beda Institut in Bitburg, dort leitet er auch das Kinderorchester.\u00a0Seit 2016unterrichtet er an der Musikschule KALIMBA in Pr\u00fcm, sowie an der Musikschule &#8222;L&#8217;ivre Tempo&#8220; in Verviers. Im selben Jahr \u00fcbernimmt er die Leitung eines Chores in G\u00e9romont.<\/p>\n","protected":false},"excerpt":{"rendered":"<p>Geige &amp; Bratsche Olivier Schmitt\u00a0wird\u00a01990 in der deutschsprachigen Gemeinschaft von Ostbelgien geboren. Er beginnt die Geigenausbildung im Alter von 6 Jahren bei Frau Yasmina Chauveheid. 2008 schlie\u00dft er mit der gr\u00f6\u00dften Auszeichnung sein Diplom an der Musikschule in Malmedy ab<\/p>\n","protected":false},"author":1,"featured_media":168,"parent":0,"menu_order":0,"comment_status":"closed","ping_status":"closed","template":"","meta":{"ngg_post_thumbnail":0,"jetpack_post_was_ever_published":false},"jetpack_sharing_enabled":true,"jetpack_shortlink":"https:\/\/wp.me\/PaKFOT-bT","_links":{"self":[{"href":"https:\/\/musikschule-kalimba.de\/index.php?rest_route=\/wp\/v2\/pages\/737"}],"collection":[{"href":"https:\/\/musikschule-kalimba.de\/index.php?rest_route=\/wp\/v2\/pages"}],"about":[{"href":"https:\/\/musikschule-kalimba.de\/index.php?rest_route=\/wp\/v2\/types\/page"}],"author":[{"embeddable":true,"href":"https:\/\/musikschule-kalimba.de\/index.php?rest_route=\/wp\/v2\/users\/1"}],"replies":[{"embeddable":true,"href":"https:\/\/musikschule-kalimba.de\/index.php?rest_route=%2Fwp%2Fv2%2Fcomments&post=737"}],"version-history":[{"count":5,"href":"https:\/\/musikschule-kalimba.de\/index.php?rest_route=\/wp\/v2\/pages\/737\/revisions"}],"predecessor-version":[{"id":1170,"href":"https:\/\/musikschule-kalimba.de\/index.php?rest_route=\/wp\/v2\/pages\/737\/revisions\/1170"}],"wp:featuredmedia":[{"embeddable":true,"href":"https:\/\/musikschule-kalimba.de\/index.php?rest_route=\/wp\/v2\/media\/168"}],"wp:attachment":[{"href":"https:\/\/musikschule-kalimba.de\/index.php?rest_route=%2Fwp%2Fv2%2Fmedia&parent=737"}],"curies":[{"name":"wp","href":"https:\/\/api.w.org\/{rel}","templated":true}]}}